{"id":5,"date":"2010-12-21T13:14:56","date_gmt":"2010-12-21T13:14:56","guid":{"rendered":"https:\/\/old.outra.pt\/?page_id=5"},"modified":"2022-01-24T17:37:33","modified_gmt":"2022-01-24T16:37:33","slug":"a-associacao","status":"publish","type":"page","link":"https:\/\/old.outra.pt\/en_us\/a-associacao\/","title":{"rendered":"The Association"},"content":{"rendered":"<p>OUT.RA is a non-profit and non-partisan cultural association founded in January 2009, following previous programming projects carried out under the Searching Records label.<\/p>\n<p>We celebrate music that seeks to transcend genres and styles, presenting live shows, movie screenings, workshops and residencies.<\/p>\n<p>We operate from our main office in Barreiro (Lisbon South Bay), once Portugal's main industry and railway hub and a city of unmatched identity, to which OUT.RA strives to contribute, whether  through the event programming itself or through the temporary venues it seeks to open up to the city, preserving Barreiro\u2019s memory and spaces of heritage value widely unknown to audiences at large.<\/p>\n<p>A OUT.RA \u00e9 tamb\u00e9m a produtora do OUT.FEST &#8211; Festival Internacional de M\u00fasica Explorat\u00f3ria do Barreiro, iniciado no ano de 2004 e a caminho, em 2022, da sua 18\u00aa edi\u00e7\u00e3o.<\/p>","protected":false},"excerpt":{"rendered":"<p>A OUT.RA, fundada a 15 Janeiro de 2009, na sequ\u00eancia do trabalho de programa\u00e7\u00e3o anteriormente efectuado pela editora Searching Records, \u00e9 uma Associa\u00e7\u00e3o Cultural que celebra e faz acontecer eventos no \u00e2mbito da m\u00fasica que (procura) transcende(r) g\u00e9neros e fronteiras estil\u00edsticas, sejam eles concertos, sess\u00f5es de cinema ou ac\u00e7\u00f5es de forma\u00e7\u00e3o. \u00c9 uma associa\u00e7\u00e3o sem [&hellip;]<\/p>","protected":false},"author":4,"featured_media":1170,"parent":0,"menu_order":2,"comment_status":"closed","ping_status":"closed","template":"","meta":[],"acf":[],"yoast_head":"<!-- This site is optimized with the Yoast SEO plugin v19.4 - https:\/\/yoast.com\/wordpress\/plugins\/seo\/ -->\n<title>A Associa\u00e7\u00e3o - OUT.RA<\/title>\n<meta name=\"robots\" content=\"noindex, follow, max-snippet:-1, max-image-preview:large, max-video-preview:-1\" \/>\n<meta property=\"og:locale\" content=\"en_US\" \/>\n<meta property=\"og:type\" content=\"article\" \/>\n<meta property=\"og:title\" content=\"A Associa\u00e7\u00e3o - OUT.RA\" \/>\n<meta property=\"og:description\" content=\"A OUT.RA, fundada a 15 Janeiro de 2009, na sequ\u00eancia do trabalho de programa\u00e7\u00e3o anteriormente efectuado pela editora Searching Records, \u00e9 uma Associa\u00e7\u00e3o Cultural que celebra e faz acontecer eventos no \u00e2mbito da m\u00fasica que (procura) transcende(r) g\u00e9neros e fronteiras estil\u00edsticas, sejam eles concertos, sess\u00f5es de cinema ou ac\u00e7\u00f5es de forma\u00e7\u00e3o. \u00c9 uma associa\u00e7\u00e3o sem [&hellip;]\" \/>\n<meta property=\"og:url\" content=\"https:\/\/old.outra.pt\/en_us\/a-associacao\/\" \/>\n<meta property=\"og:site_name\" content=\"OUT.RA\" \/>\n<meta property=\"article:modified_time\" content=\"2022-01-24T16:37:33+00:00\" \/>\n<meta property=\"og:image\" content=\"https:\/\/old.outra.pt\/wp-content\/uploads\/2010\/12\/492118.jpg\" \/>\n\t<meta property=\"og:image:width\" content=\"2000\" \/>\n\t<meta property=\"og:image:height\" content=\"1333\" \/>\n\t<meta property=\"og:image:type\" content=\"image\/jpeg\" \/>\n<meta name=\"twitter:card\" content=\"summary_large_image\" \/>\n<meta name=\"twitter:label1\" content=\"Est. reading time\" \/>\n\t<meta name=\"twitter:data1\" content=\"1 minute\" \/>\n<script type=\"application\/ld+json\" class=\"yoast-schema-graph\">{\"@context\":\"https:\/\/schema.org\",\"@graph\":[{\"@type\":\"WebSite\",\"@id\":\"https:\/\/old.outra.pt\/#website\",\"url\":\"https:\/\/old.outra.pt\/\",\"name\":\"OUT.RA\",\"description\":\"ASSOCIA\u00c7\u00c3O CULTURAL\",\"potentialAction\":[{\"@type\":\"SearchAction\",\"target\":{\"@type\":\"EntryPoint\",\"urlTemplate\":\"https:\/\/old.outra.pt\/?s={search_term_string}\"},\"query-input\":\"required name=search_term_string\"}],\"inLanguage\":\"en-US\"},{\"@type\":\"WebPage\",\"@id\":\"https:\/\/old.outra.pt\/en_us\/a-associacao\/\",\"url\":\"https:\/\/old.outra.pt\/en_us\/a-associacao\/\",\"name\":\"A Associa\u00e7\u00e3o - OUT.RA\",\"isPartOf\":{\"@id\":\"https:\/\/old.outra.pt\/#website\"},\"datePublished\":\"2010-12-21T13:14:56+00:00\",\"dateModified\":\"2022-01-24T16:37:33+00:00\",\"breadcrumb\":{\"@id\":\"https:\/\/old.outra.pt\/en_us\/a-associacao\/#breadcrumb\"},\"inLanguage\":\"en-US\",\"potentialAction\":[{\"@type\":\"ReadAction\",\"target\":[\"https:\/\/old.outra.pt\/en_us\/a-associacao\/\"]}]},{\"@type\":\"BreadcrumbList\",\"@id\":\"https:\/\/old.outra.pt\/en_us\/a-associacao\/#breadcrumb\",\"itemListElement\":[{\"@type\":\"ListItem\",\"position\":1,\"name\":\"In\u00edcio\",\"item\":\"https:\/\/old.outra.pt\/pt_pt\/\"},{\"@type\":\"ListItem\",\"position\":2,\"name\":\"A Associa\u00e7\u00e3o\"}]}]}<\/script>\n<!-- \/ Yoast SEO plugin. -->","yoast_head_json":{"title":"A Associa\u00e7\u00e3o - OUT.RA","robots":{"index":"noindex","follow":"follow","max-snippet":"max-snippet:-1","max-image-preview":"max-image-preview:large","max-video-preview":"max-video-preview:-1"},"og_locale":"en_US","og_type":"article","og_title":"A Associa\u00e7\u00e3o - OUT.RA","og_description":"A OUT.RA, fundada a 15 Janeiro de 2009, na sequ\u00eancia do trabalho de programa\u00e7\u00e3o anteriormente efectuado pela editora Searching Records, \u00e9 uma Associa\u00e7\u00e3o Cultural que celebra e faz acontecer eventos no \u00e2mbito da m\u00fasica que (procura) transcende(r) g\u00e9neros e fronteiras estil\u00edsticas, sejam eles concertos, sess\u00f5es de cinema ou ac\u00e7\u00f5es de forma\u00e7\u00e3o. \u00c9 uma associa\u00e7\u00e3o sem [&hellip;]","og_url":"https:\/\/old.outra.pt\/en_us\/a-associacao\/","og_site_name":"OUT.RA","article_modified_time":"2022-01-24T16:37:33+00:00","og_image":[{"width":2000,"height":1333,"url":"https:\/\/old.outra.pt\/wp-content\/uploads\/2010\/12\/492118.jpg","type":"image\/jpeg"}],"twitter_card":"summary_large_image","twitter_misc":{"Est. reading time":"1 minute"},"schema":{"@context":"https:\/\/schema.org","@graph":[{"@type":"WebSite","@id":"https:\/\/old.outra.pt\/#website","url":"https:\/\/old.outra.pt\/","name":"OUT.RA","description":"ASSOCIA\u00c7\u00c3O CULTURAL","potentialAction":[{"@type":"SearchAction","target":{"@type":"EntryPoint","urlTemplate":"https:\/\/old.outra.pt\/?s={search_term_string}"},"query-input":"required name=search_term_string"}],"inLanguage":"en-US"},{"@type":"WebPage","@id":"https:\/\/old.outra.pt\/en_us\/a-associacao\/","url":"https:\/\/old.outra.pt\/en_us\/a-associacao\/","name":"A Associa\u00e7\u00e3o - OUT.RA","isPartOf":{"@id":"https:\/\/old.outra.pt\/#website"},"datePublished":"2010-12-21T13:14:56+00:00","dateModified":"2022-01-24T16:37:33+00:00","breadcrumb":{"@id":"https:\/\/old.outra.pt\/en_us\/a-associacao\/#breadcrumb"},"inLanguage":"en-US","potentialAction":[{"@type":"ReadAction","target":["https:\/\/old.outra.pt\/en_us\/a-associacao\/"]}]},{"@type":"BreadcrumbList","@id":"https:\/\/old.outra.pt\/en_us\/a-associacao\/#breadcrumb","itemListElement":[{"@type":"ListItem","position":1,"name":"In\u00edcio","item":"https:\/\/old.outra.pt\/pt_pt\/"},{"@type":"ListItem","position":2,"name":"A Associa\u00e7\u00e3o"}]}]}},"_links":{"self":[{"href":"https:\/\/old.outra.pt\/en_us\/wp-json\/wp\/v2\/pages\/5"}],"collection":[{"href":"https:\/\/old.outra.pt\/en_us\/wp-json\/wp\/v2\/pages"}],"about":[{"href":"https:\/\/old.outra.pt\/en_us\/wp-json\/wp\/v2\/types\/page"}],"author":[{"embeddable":true,"href":"https:\/\/old.outra.pt\/en_us\/wp-json\/wp\/v2\/users\/4"}],"replies":[{"embeddable":true,"href":"https:\/\/old.outra.pt\/en_us\/wp-json\/wp\/v2\/comments?post=5"}],"version-history":[{"count":47,"href":"https:\/\/old.outra.pt\/en_us\/wp-json\/wp\/v2\/pages\/5\/revisions"}],"predecessor-version":[{"id":3107,"href":"https:\/\/old.outra.pt\/en_us\/wp-json\/wp\/v2\/pages\/5\/revisions\/3107"}],"wp:featuredmedia":[{"embeddable":true,"href":"https:\/\/old.outra.pt\/en_us\/wp-json\/wp\/v2\/media\/1170"}],"wp:attachment":[{"href":"https:\/\/old.outra.pt\/en_us\/wp-json\/wp\/v2\/media?parent=5"}],"curies":[{"name":"wp","href":"https:\/\/api.w.org\/{rel}","templated":true}]}}